{"id":26240,"date":"2023-08-25T17:44:05","date_gmt":"2023-08-25T15:44:05","guid":{"rendered":"https:\/\/familienzentrum-bezirk-affoltern.ch\/?page_id=26240"},"modified":"2023-08-25T17:44:05","modified_gmt":"2023-08-25T15:44:05","slug":"babysitter","status":"publish","type":"page","link":"https:\/\/recursing-nash.185-101-158-178.plesk.page\/index.php\/angebote\/babysitter\/","title":{"rendered":"Babysitter Vermittlung"},"content":{"rendered":"\t\t<div data-elementor-type=\"wp-page\" data-elementor-id=\"26240\" class=\"elementor elementor-26240\">\n\t\t\t\t\t\t<section class=\"elementor-section elementor-top-section elementor-element elementor-element-090c39a elementor-section-boxed elementor-section-height-default elementor-section-height-default\" data-id=\"090c39a\" data-element_type=\"section\">\n\t\t\t\t\t\t<div class=\"elementor-container elementor-column-gap-default\">\n\t\t\t\t\t<div class=\"elementor-column elementor-col-66 elementor-top-column elementor-element elementor-element-70a3df0\" data-id=\"70a3df0\" data-element_type=\"column\">\n\t\t\t<div class=\"elementor-widget-wrap elementor-element-populated\">\n\t\t\t\t\t\t<div class=\"elementor-element elementor-element-a6b297a elementor-widget elementor-widget-text-editor\" data-id=\"a6b297a\" data-element_type=\"widget\" data-widget_type=\"text-editor.default\">\n\t\t\t\t<div class=\"elementor-widget-container\">\n\t\t\t\t\t\t\t<p>Suchst du eine ausgebildete Babysitterin oder einen ausgebildeten Babysitter?<\/p><p>Dann bist du bei uns an der richtigen Adresse.<\/p><p>In Zusammenarbeit mit dem Schweizerischen Roten Kreuz (SRK) haben wir eine Reihe von jungen Menschen ausgebildet, die einen unserer\u00a0 Babysitter-Kurse besucht haben und gerne ihre neu erworbenen F\u00e4higkeiten anwenden m\u00f6chten.<\/p><p>Wir f\u00fchren eine Liste mit allen Babysitterinnen und Babysittern des Bezirks Affoltern, die den SRK Kurs absolviert haben. Kontaktiere uns unter <a href=\"mailto:mail@familienzentrum-bezirk-affoltern.ch\" target=\"_blank\" rel=\"noopener\">mail@familienzentrum-bezirk-affoltern.ch<\/a> f\u00fcr die Liste der jungen Betreuerinnen und Betreuer der <span style=\"color: var( --e-global-color-primary );\">Region Affoltern und den umliegenden Gemeinden..<\/span><\/p><p>Und wenn du unsicher bist, was man dem Babysitter oder der Babysitterin zahlen soll, schaue dir unsere Preisempfehlung an. Die Entlohnung orientiert sich an der Erfahrung und dem Alter des Babysitters\/der Babysitterin und an der L\u00e4nge des Babysittings.\u00a0<\/p><p>Preisempfehlung f\u00fcr die Familien:<br \/><a href=\"https:\/\/www.redcross.ch\/de\/unser-angebot\/unterstuetzung-im-alltag\/fuer-starke-familien#lohn-5fak2q\">Schweizerisches Rotes Kreuz (redcross.ch)<\/a><\/p><p>F\u00fcr die\u00a0 Fragen melden dich bitte im B\u00fcro des Familienzentrums.<\/p>\t\t\t\t\t\t<\/div>\n\t\t\t\t<\/div>\n\t\t\t\t<div class=\"elementor-element elementor-element-91c423e elementor-widget elementor-widget-spacer\" data-id=\"91c423e\" data-element_type=\"widget\" data-widget_type=\"spacer.default\">\n\t\t\t\t<div class=\"elementor-widget-container\">\n\t\t\t\t\t<div class=\"elementor-spacer\">\n\t\t\t<div class=\"elementor-spacer-inner\"><\/div>\n\t\t<\/div>\n\t\t\t\t<\/div>\n\t\t\t\t<\/div>\n\t\t\t\t\t<\/div>\n\t\t<\/div>\n\t\t\t\t<div class=\"elementor-column elementor-col-33 elementor-top-column elementor-element elementor-element-73ad8ea\" data-id=\"73ad8ea\" data-element_type=\"column\">\n\t\t\t<div class=\"elementor-widget-wrap elementor-element-populated\">\n\t\t\t\t\t\t<div class=\"elementor-element elementor-element-82fa98b elementor-widget elementor-widget-image\" data-id=\"82fa98b\" data-element_type=\"widget\" data-widget_type=\"image.default\">\n\t\t\t\t<div class=\"elementor-widget-container\">\n\t\t\t\t\t\t\t\t\t\t\t\t\t<img fetchpriority=\"high\" decoding=\"async\" width=\"768\" height=\"768\" src=\"https:\/\/recursing-nash.185-101-158-178.plesk.page\/wp-content\/uploads\/2023\/08\/girl_babysitting_e970adbe-68c9-4088-89c7-667ed1065c8b-768x768.png\" class=\"attachment-medium_large size-medium_large wp-image-26241\" alt=\"\" srcset=\"https:\/\/recursing-nash.185-101-158-178.plesk.page\/wp-content\/uploads\/2023\/08\/girl_babysitting_e970adbe-68c9-4088-89c7-667ed1065c8b-768x768.png 768w, https:\/\/recursing-nash.185-101-158-178.plesk.page\/wp-content\/uploads\/2023\/08\/girl_babysitting_e970adbe-68c9-4088-89c7-667ed1065c8b-300x300.png 300w, https:\/\/recursing-nash.185-101-158-178.plesk.page\/wp-content\/uploads\/2023\/08\/girl_babysitting_e970adbe-68c9-4088-89c7-667ed1065c8b-150x150.png 150w, https:\/\/recursing-nash.185-101-158-178.plesk.page\/wp-content\/uploads\/2023\/08\/girl_babysitting_e970adbe-68c9-4088-89c7-667ed1065c8b.png 1024w\" sizes=\"(max-width: 768px) 100vw, 768px\" \/>\t\t\t\t\t\t\t\t\t\t\t\t\t<\/div>\n\t\t\t\t<\/div>\n\t\t\t\t\t<\/div>\n\t\t<\/div>\n\t\t\t\t\t<\/div>\n\t\t<\/section>\n\t\t<div class=\"elementor-element elementor-element-22da93b e-flex e-con-boxed e-con e-parent\" data-id=\"22da93b\" data-element_type=\"container\">\n\t\t\t\t\t<div class=\"e-con-inner\">\n\t\t\t\t<div class=\"elementor-element elementor-element-a4cfb97 elementor-widget elementor-widget-shortcode\" data-id=\"a4cfb97\" data-element_type=\"widget\" data-widget_type=\"shortcode.default\">\n\t\t\t\t<div class=\"elementor-widget-container\">\n\t\t\t\t\t<div class=\"elementor-shortcode\">[elementor-template id=\"26243\"]<\/div>\n\t\t\t\t<\/div>\n\t\t\t\t<\/div>\n\t\t\t\t\t<\/div>\n\t\t\t\t<\/div>\n\t\t\t\t<\/div>\n\t\t","protected":false},"excerpt":{"rendered":"<p>Suchst du eine ausgebildete Babysitterin oder einen ausgebildeten Babysitter? Dann bist du bei uns an der richtigen Adresse. In Zusammenarbeit mit dem Schweizerischen Roten Kreuz (SRK) haben wir eine Reihe von jungen Menschen ausgebildet, die einen unserer\u00a0 Babysitter-Kurse besucht haben und gerne ihre neu erworbenen F\u00e4higkeiten anwenden m\u00f6chten. Wir f\u00fchren eine Liste mit allen Babysitterinnen [&hellip;]<\/p>\n","protected":false},"author":1,"featured_media":26241,"parent":21,"menu_order":5,"comment_status":"closed","ping_status":"closed","template":"","meta":{"footnotes":""},"class_list":["post-26240","page","type-page","status-publish","has-post-thumbnail","hentry"],"_links":{"self":[{"href":"https:\/\/recursing-nash.185-101-158-178.plesk.page\/index.php\/wp-json\/wp\/v2\/pages\/26240","targetHints":{"allow":["GET"]}}],"collection":[{"href":"https:\/\/recursing-nash.185-101-158-178.plesk.page\/index.php\/wp-json\/wp\/v2\/pages"}],"about":[{"href":"https:\/\/recursing-nash.185-101-158-178.plesk.page\/index.php\/wp-json\/wp\/v2\/types\/page"}],"author":[{"embeddable":true,"href":"https:\/\/recursing-nash.185-101-158-178.plesk.page\/index.php\/wp-json\/wp\/v2\/users\/1"}],"replies":[{"embeddable":true,"href":"https:\/\/recursing-nash.185-101-158-178.plesk.page\/index.php\/wp-json\/wp\/v2\/comments?post=26240"}],"version-history":[{"count":0,"href":"https:\/\/recursing-nash.185-101-158-178.plesk.page\/index.php\/wp-json\/wp\/v2\/pages\/26240\/revisions"}],"up":[{"embeddable":true,"href":"https:\/\/recursing-nash.185-101-158-178.plesk.page\/index.php\/wp-json\/wp\/v2\/pages\/21"}],"wp:featuredmedia":[{"embeddable":true,"href":"https:\/\/recursing-nash.185-101-158-178.plesk.page\/index.php\/wp-json\/wp\/v2\/media\/26241"}],"wp:attachment":[{"href":"https:\/\/recursing-nash.185-101-158-178.plesk.page\/index.php\/wp-json\/wp\/v2\/media?parent=26240"}],"curies":[{"name":"wp","href":"https:\/\/api.w.org\/{rel}","templated":true}]}}