{"id":27497,"date":"2023-12-19T14:14:46","date_gmt":"2023-12-19T13:14:46","guid":{"rendered":"https:\/\/familienzentrum-bezirk-affoltern.ch\/?page_id=27497"},"modified":"2023-12-19T14:14:46","modified_gmt":"2023-12-19T13:14:46","slug":"vaki-treff","status":"publish","type":"page","link":"https:\/\/recursing-nash.185-101-158-178.plesk.page\/index.php\/angebote\/vaki-treff\/","title":{"rendered":"Vater-Kind-Treff"},"content":{"rendered":"\t\t<div data-elementor-type=\"wp-page\" data-elementor-id=\"27497\" class=\"elementor elementor-27497\">\n\t\t\t\t\t\t<section class=\"elementor-section elementor-top-section elementor-element elementor-element-28ee0549 elementor-section-boxed elementor-section-height-default elementor-section-height-default\" data-id=\"28ee0549\" data-element_type=\"section\">\n\t\t\t\t\t\t<div class=\"elementor-container elementor-column-gap-default\">\n\t\t\t\t\t<div class=\"elementor-column elementor-col-66 elementor-top-column elementor-element elementor-element-354353a2\" data-id=\"354353a2\" data-element_type=\"column\">\n\t\t\t<div class=\"elementor-widget-wrap elementor-element-populated\">\n\t\t\t\t\t\t<div class=\"elementor-element elementor-element-f094d51 elementor-widget elementor-widget-heading\" data-id=\"f094d51\" data-element_type=\"widget\" data-widget_type=\"heading.default\">\n\t\t\t\t<div class=\"elementor-widget-container\">\n\t\t\t<h2 class=\"elementor-heading-title elementor-size-default\">Spiel &amp; Spass f\u00fcr V\u00e4ter &amp; Kinder<\/h2>\t\t<\/div>\n\t\t\t\t<\/div>\n\t\t\t\t<div class=\"elementor-element elementor-element-1ebe7b53 elementor-widget elementor-widget-text-editor\" data-id=\"1ebe7b53\" data-element_type=\"widget\" data-widget_type=\"text-editor.default\">\n\t\t\t\t<div class=\"elementor-widget-container\">\n\t\t\t\t\t\t\tEin Treffpunkt f\u00fcr V\u00e4ter mit ihren Kindern in einem lockeren und unverbindlichen Rahmen. Im Mittelpunkt dieses Treffs steht Spielen, Kontakte kn\u00fcpfen, geselliges Zusammensein, Erfahrungsaustausch &amp; wertvolle Gespr\u00e4che.\n\nDas Angebot ist kostenlos. Eine Anmeldung ist nicht erforderlich.\nGetr\u00e4nke und Snacks sind vorhanden und werden zum Selbstkostenpreis\nangeboten.\t\t\t\t\t\t<\/div>\n\t\t\t\t<\/div>\n\t\t\t\t<div class=\"elementor-element elementor-element-8a9cb74 elementor-widget elementor-widget-image\" data-id=\"8a9cb74\" data-element_type=\"widget\" data-widget_type=\"image.default\">\n\t\t\t\t<div class=\"elementor-widget-container\">\n\t\t\t\t\t\t\t\t\t\t\t\t\t<img fetchpriority=\"high\" decoding=\"async\" width=\"768\" height=\"496\" src=\"https:\/\/recursing-nash.185-101-158-178.plesk.page\/wp-content\/uploads\/2023\/12\/VaKi-Treff-Maedchen-768x496.jpg\" class=\"attachment-medium_large size-medium_large wp-image-27401\" alt=\"Vaki Treff M\u00e4dchen\" srcset=\"https:\/\/recursing-nash.185-101-158-178.plesk.page\/wp-content\/uploads\/2023\/12\/VaKi-Treff-Maedchen-768x496.jpg 768w, https:\/\/recursing-nash.185-101-158-178.plesk.page\/wp-content\/uploads\/2023\/12\/VaKi-Treff-Maedchen-300x194.jpg 300w, https:\/\/recursing-nash.185-101-158-178.plesk.page\/wp-content\/uploads\/2023\/12\/VaKi-Treff-Maedchen-1024x661.jpg 1024w, https:\/\/recursing-nash.185-101-158-178.plesk.page\/wp-content\/uploads\/2023\/12\/VaKi-Treff-Maedchen-1536x992.jpg 1536w, https:\/\/recursing-nash.185-101-158-178.plesk.page\/wp-content\/uploads\/2023\/12\/VaKi-Treff-Maedchen.jpg 1878w\" sizes=\"(max-width: 768px) 100vw, 768px\" \/>\t\t\t\t\t\t\t\t\t\t\t\t\t<\/div>\n\t\t\t\t<\/div>\n\t\t\t\t\t<\/div>\n\t\t<\/div>\n\t\t\t\t<div class=\"elementor-column elementor-col-33 elementor-top-column elementor-element elementor-element-4684e52c\" data-id=\"4684e52c\" data-element_type=\"column\" data-settings=\"{&quot;background_background&quot;:&quot;classic&quot;}\">\n\t\t\t<div class=\"elementor-widget-wrap elementor-element-populated\">\n\t\t\t\t\t\t<div class=\"elementor-element elementor-element-25561de5 elementor-widget elementor-widget-text-editor\" data-id=\"25561de5\" data-element_type=\"widget\" data-widget_type=\"text-editor.default\">\n\t\t\t\t<div class=\"elementor-widget-container\">\n\t\t\t\t\t\t\t<h3>\u00d6ffnungszeiten<\/h3><p>Samstags, einmal im Monat<br \/>09:30 &#8211; 11:30 Uhr<\/p><h3>Geeignet f\u00fcr<\/h3><p>Babys, Kleinkinder und Kinder, mit Papi<\/p><h3>Kosten<\/h3><p><span style=\"font-size: var( --e-global-typography-345a686-font-size ); letter-spacing: var( --e-global-typography-345a686-letter-spacing ); text-transform: var( --e-global-typography-345a686-text-transform ); word-spacing: var( --e-global-typography-345a686-word-spacing );\">Kostenlos und offen f\u00fcr alle, <br \/>auch nichtmitglieder <br \/>des familienzentrums\u00a0<\/span><\/p><h3>Ort<\/h3><p>In den H\u00fceti-R\u00e4umen<br \/>im 2. Stock<\/p>\t\t\t\t\t\t<\/div>\n\t\t\t\t<\/div>\n\t\t\t\t<div class=\"elementor-element elementor-element-9c716b1 elementor-widget elementor-widget-text-editor\" data-id=\"9c716b1\" data-element_type=\"widget\" data-widget_type=\"text-editor.default\">\n\t\t\t\t<div class=\"elementor-widget-container\">\n\t\t\t\t\t\t\t<h3>Flyer<\/h3>\t\t\t\t\t\t<\/div>\n\t\t\t\t<\/div>\n\t\t\t\t<div class=\"elementor-element elementor-element-cdbbe60 elementor-icon-list--layout-traditional elementor-list-item-link-full_width elementor-widget elementor-widget-icon-list\" data-id=\"cdbbe60\" data-element_type=\"widget\" data-widget_type=\"icon-list.default\">\n\t\t\t\t<div class=\"elementor-widget-container\">\n\t\t\t\t\t<ul class=\"elementor-icon-list-items\">\n\t\t\t\t\t\t\t<li class=\"elementor-icon-list-item\">\n\t\t\t\t\t\t\t\t\t\t\t<a href=\"https:\/\/familienzentrum-bezirk-affoltern.ch\/wp-content\/uploads\/2023\/02\/VAKI.pdf\">\n\n\t\t\t\t\t\t\t\t\t\t\t\t<span class=\"elementor-icon-list-icon\">\n\t\t\t\t\t\t\t<svg aria-hidden=\"true\" class=\"e-font-icon-svg e-fas-file-pdf\" viewBox=\"0 0 384 512\" xmlns=\"http:\/\/www.w3.org\/2000\/svg\"><path d=\"M181.9 256.1c-5-16-4.9-46.9-2-46.9 8.4 0 7.6 36.9 2 46.9zm-1.7 47.2c-7.7 20.2-17.3 43.3-28.4 62.7 18.3-7 39-17.2 62.9-21.9-12.7-9.6-24.9-23.4-34.5-40.8zM86.1 428.1c0 .8 13.2-5.4 34.9-40.2-6.7 6.3-29.1 24.5-34.9 40.2zM248 160h136v328c0 13.3-10.7 24-24 24H24c-13.3 0-24-10.7-24-24V24C0 10.7 10.7 0 24 0h200v136c0 13.2 10.8 24 24 24zm-8 171.8c-20-12.2-33.3-29-42.7-53.8 4.5-18.5 11.6-46.6 6.2-64.2-4.7-29.4-42.4-26.5-47.8-6.8-5 18.3-.4 44.1 8.1 77-11.6 27.6-28.7 64.6-40.8 85.8-.1 0-.1.1-.2.1-27.1 13.9-73.6 44.5-54.5 68 5.6 6.9 16 10 21.5 10 17.9 0 35.7-18 61.1-61.8 25.8-8.5 54.1-19.1 79-23.2 21.7 11.8 47.1 19.5 64 19.5 29.2 0 31.2-32 19.7-43.4-13.9-13.6-54.3-9.7-73.6-7.2zM377 105L279 7c-4.5-4.5-10.6-7-17-7h-6v128h128v-6.1c0-6.3-2.5-12.4-7-16.9zm-74.1 255.3c4.1-2.7-2.5-11.9-42.8-9 37.1 15.8 42.8 9 42.8 9z\"><\/path><\/svg>\t\t\t\t\t\t<\/span>\n\t\t\t\t\t\t\t\t\t\t<span class=\"elementor-icon-list-text\">Flyer VaKi-Treff herunterladen<\/span>\n\t\t\t\t\t\t\t\t\t\t\t<\/a>\n\t\t\t\t\t\t\t\t\t<\/li>\n\t\t\t\t\t\t<\/ul>\n\t\t\t\t<\/div>\n\t\t\t\t<\/div>\n\t\t\t\t<div class=\"elementor-element elementor-element-d5af176 elementor-widget elementor-widget-text-editor\" data-id=\"d5af176\" data-element_type=\"widget\" data-widget_type=\"text-editor.default\">\n\t\t\t\t<div class=\"elementor-widget-container\">\n\t\t\t\t\t\t\t<h3>Leitung<\/h3>\t\t\t\t\t\t<\/div>\n\t\t\t\t<\/div>\n\t\t\t\t<section class=\"elementor-section elementor-inner-section elementor-element elementor-element-e8a7632 elementor-section-boxed elementor-section-height-default elementor-section-height-default\" data-id=\"e8a7632\" data-element_type=\"section\">\n\t\t\t\t\t\t<div class=\"elementor-container elementor-column-gap-default\">\n\t\t\t\t\t<div class=\"elementor-column elementor-col-100 elementor-inner-column elementor-element elementor-element-34b8873\" data-id=\"34b8873\" data-element_type=\"column\" data-settings=\"{&quot;background_background&quot;:&quot;classic&quot;}\">\n\t\t\t<div class=\"elementor-widget-wrap elementor-element-populated\">\n\t\t\t\t\t\t<div class=\"elementor-element elementor-element-b5973c6 elementor-widget elementor-widget-image\" data-id=\"b5973c6\" data-element_type=\"widget\" data-widget_type=\"image.default\">\n\t\t\t\t<div class=\"elementor-widget-container\">\n\t\t\t\t\t\t\t\t\t\t\t\t\t\t<a href=\"https:\/\/familienzentrum-bezirk-affoltern.ch\/wp-content\/uploads\/2023\/12\/VaKi-Leitung2-scaled.jpeg\" data-elementor-open-lightbox=\"yes\" data-elementor-lightbox-title=\"VaKi Leitung\" data-elementor-lightbox-description=\"Vaki Leitung - Familienzentrum Bezirk Affoltern\" data-e-action-hash=\"#elementor-action%3Aaction%3Dlightbox%26settings%3DeyJpZCI6Mjc0OTYsInVybCI6Imh0dHBzOlwvXC9yZWN1cnNpbmctbmFzaC4xODUtMTAxLTE1OC0xNzgucGxlc2sucGFnZVwvd3AtY29udGVudFwvdXBsb2Fkc1wvMjAyM1wvMTJcL1ZhS2ktTGVpdHVuZzItc2NhbGVkLTEuanBlZyJ9\">\n\t\t\t\t\t\t\t<img decoding=\"async\" width=\"300\" height=\"271\" src=\"https:\/\/recursing-nash.185-101-158-178.plesk.page\/wp-content\/uploads\/2023\/12\/VaKi-Leitung2-scaled-1-300x271.jpeg\" class=\"attachment-medium size-medium wp-image-27496\" alt=\"Vaki Leitung - Familienzentrum Bezirk Affoltern\" srcset=\"https:\/\/recursing-nash.185-101-158-178.plesk.page\/wp-content\/uploads\/2023\/12\/VaKi-Leitung2-scaled-1-300x271.jpeg 300w, https:\/\/recursing-nash.185-101-158-178.plesk.page\/wp-content\/uploads\/2023\/12\/VaKi-Leitung2-scaled-1-1024x926.jpeg 1024w, https:\/\/recursing-nash.185-101-158-178.plesk.page\/wp-content\/uploads\/2023\/12\/VaKi-Leitung2-scaled-1-768x694.jpeg 768w, https:\/\/recursing-nash.185-101-158-178.plesk.page\/wp-content\/uploads\/2023\/12\/VaKi-Leitung2-scaled-1-1536x1388.jpeg 1536w, https:\/\/recursing-nash.185-101-158-178.plesk.page\/wp-content\/uploads\/2023\/12\/VaKi-Leitung2-scaled-1-2048x1851.jpeg 2048w\" sizes=\"(max-width: 300px) 100vw, 300px\" \/>\t\t\t\t\t\t\t\t<\/a>\n\t\t\t\t\t\t\t\t\t\t\t\t\t<\/div>\n\t\t\t\t<\/div>\n\t\t\t\t<div class=\"elementor-element elementor-element-9404355 elementor-widget elementor-widget-text-editor\" data-id=\"9404355\" data-element_type=\"widget\" data-widget_type=\"text-editor.default\">\n\t\t\t\t<div class=\"elementor-widget-container\">\n\t\t\t\t\t\t\t<p>Dogus S\u00fcrmek, Vater<br \/>Andi Angst, Vater &amp; Mitarbeiter Familienzentrum Bezirk Affoltern<\/p>\t\t\t\t\t\t<\/div>\n\t\t\t\t<\/div>\n\t\t\t\t\t<\/div>\n\t\t<\/div>\n\t\t\t\t\t<\/div>\n\t\t<\/section>\n\t\t\t\t<div class=\"elementor-element elementor-element-1580855d elementor-icon-list--layout-traditional elementor-list-item-link-full_width elementor-widget elementor-widget-icon-list\" data-id=\"1580855d\" data-element_type=\"widget\" data-widget_type=\"icon-list.default\">\n\t\t\t\t<div class=\"elementor-widget-container\">\n\t\t\t\t\t<ul class=\"elementor-icon-list-items\">\n\t\t\t\t\t\t\t<li class=\"elementor-icon-list-item\">\n\t\t\t\t\t\t\t\t\t\t\t<a href=\"tel:044%20760%2012%2077\">\n\n\t\t\t\t\t\t\t\t\t\t\t\t<span class=\"elementor-icon-list-icon\">\n\t\t\t\t\t\t\t<svg aria-hidden=\"true\" class=\"e-font-icon-svg e-fas-mobile-alt\" viewBox=\"0 0 320 512\" xmlns=\"http:\/\/www.w3.org\/2000\/svg\"><path d=\"M272 0H48C21.5 0 0 21.5 0 48v416c0 26.5 21.5 48 48 48h224c26.5 0 48-21.5 48-48V48c0-26.5-21.5-48-48-48zM160 480c-17.7 0-32-14.3-32-32s14.3-32 32-32 32 14.3 32 32-14.3 32-32 32zm112-108c0 6.6-5.4 12-12 12H60c-6.6 0-12-5.4-12-12V60c0-6.6 5.4-12 12-12h200c6.6 0 12 5.4 12 12v312z\"><\/path><\/svg>\t\t\t\t\t\t<\/span>\n\t\t\t\t\t\t\t\t\t\t<span class=\"elementor-icon-list-text\"> 077 536 757 79<\/span>\n\t\t\t\t\t\t\t\t\t\t\t<\/a>\n\t\t\t\t\t\t\t\t\t<\/li>\n\t\t\t\t\t\t<\/ul>\n\t\t\t\t<\/div>\n\t\t\t\t<\/div>\n\t\t\t\t\t<\/div>\n\t\t<\/div>\n\t\t\t\t\t<\/div>\n\t\t<\/section>\n\t\t<div class=\"elementor-element elementor-element-155245f e-flex e-con-boxed e-con e-parent\" data-id=\"155245f\" data-element_type=\"container\">\n\t\t\t\t\t<div class=\"e-con-inner\">\n\t\t\t\t<div class=\"elementor-element elementor-element-32ef6e2 elementor-widget elementor-widget-loop-grid\" data-id=\"32ef6e2\" data-element_type=\"widget\" data-widget_type=\"loop-grid.default\">\n\t\t\t\t<div class=\"elementor-widget-container\">\n\t\t\t \t\t<\/div>\n\t\t\t\t<\/div>\n\t\t\t\t\t<\/div>\n\t\t\t\t<\/div>\n\t\t\t\t<\/div>\n\t\t","protected":false},"excerpt":{"rendered":"<p>Spiel &#038; Spass f\u00fcr V\u00e4ter &#038; Kinder Ein Treffpunkt f\u00fcr V\u00e4ter mit ihren Kindern in einem lockeren und unverbindlichen Rahmen. Im Mittelpunkt dieses Treffs steht Spielen, Kontakte kn\u00fcpfen, geselliges Zusammensein, Erfahrungsaustausch &amp; wertvolle Gespr\u00e4che. Das Angebot ist kostenlos. Eine Anmeldung ist nicht erforderlich. Getr\u00e4nke und Snacks sind vorhanden und werden zum Selbstkostenpreis angeboten. \u00d6ffnungszeiten Samstags, [&hellip;]<\/p>\n","protected":false},"author":1,"featured_media":27401,"parent":21,"menu_order":22,"comment_status":"closed","ping_status":"closed","template":"","meta":{"footnotes":""},"class_list":["post-27497","page","type-page","status-publish","has-post-thumbnail","hentry"],"_links":{"self":[{"href":"https:\/\/recursing-nash.185-101-158-178.plesk.page\/index.php\/wp-json\/wp\/v2\/pages\/27497","targetHints":{"allow":["GET"]}}],"collection":[{"href":"https:\/\/recursing-nash.185-101-158-178.plesk.page\/index.php\/wp-json\/wp\/v2\/pages"}],"about":[{"href":"https:\/\/recursing-nash.185-101-158-178.plesk.page\/index.php\/wp-json\/wp\/v2\/types\/page"}],"author":[{"embeddable":true,"href":"https:\/\/recursing-nash.185-101-158-178.plesk.page\/index.php\/wp-json\/wp\/v2\/users\/1"}],"replies":[{"embeddable":true,"href":"https:\/\/recursing-nash.185-101-158-178.plesk.page\/index.php\/wp-json\/wp\/v2\/comments?post=27497"}],"version-history":[{"count":0,"href":"https:\/\/recursing-nash.185-101-158-178.plesk.page\/index.php\/wp-json\/wp\/v2\/pages\/27497\/revisions"}],"up":[{"embeddable":true,"href":"https:\/\/recursing-nash.185-101-158-178.plesk.page\/index.php\/wp-json\/wp\/v2\/pages\/21"}],"wp:featuredmedia":[{"embeddable":true,"href":"https:\/\/recursing-nash.185-101-158-178.plesk.page\/index.php\/wp-json\/wp\/v2\/media\/27401"}],"wp:attachment":[{"href":"https:\/\/recursing-nash.185-101-158-178.plesk.page\/index.php\/wp-json\/wp\/v2\/media?parent=27497"}],"curies":[{"name":"wp","href":"https:\/\/api.w.org\/{rel}","templated":true}]}}