{"id":7999,"date":"2017-09-05T13:39:25","date_gmt":"2017-09-05T11:39:25","guid":{"rendered":"https:\/\/familienzentrum-bezirk-affoltern.ch\/?page_id=7999"},"modified":"2017-09-05T13:39:25","modified_gmt":"2017-09-05T11:39:25","slug":"mittagessen-im-familienzentrum","status":"publish","type":"page","link":"https:\/\/recursing-nash.185-101-158-178.plesk.page\/index.php\/angebote\/mittagessen-im-familienzentrum\/","title":{"rendered":"Mittagessen und Take Away im Familienzentrum"},"content":{"rendered":"<h2>Dein fein gekochtes Mittagessen im Familienzentrum geniessen. Auch als Take Away.<\/h2>\n<blockquote>\n<p>\n\t\t\t\tEssen ist das h\u00f6chste Gut,<br \/>\nwenn jemand anst\u00e4ndig kochen tut.<br \/>\nHausfrauenk\u00fcche ist die beste der Welt<br \/>\nund die gibts im Famze f\u00fcr wenig Geld.<br \/>\nden Link zum Bestellen gibt gleich hier,<br \/>\n&#8222;\u00c4n guet\u00e4 z\u00e4mme&#8220; w\u00fcnschen wir dir!!!\t\t\t<\/p>\n<\/blockquote>\n<p>\t\t[pdf-embedder url=&#8220;https:\/\/familienzentrum-bezirk-affoltern.ch\/wp-content\/uploads\/2023\/01\/Mittagessen-im-Familienzentrum-Bezirk-Affoltern.pdf&#8220; title=&#8220;Mittagessen Men\u00fc&#8220;]<\/p>\n<p><a href=\"https:\/\/familienzentrum-bezirk-affoltern.ch\/wp-content\/uploads\/2023\/01\/Mittagessen-im-Familienzentrum-Bezirk-Affoltern.pdf\" target=\"_blank\" rel=\"noopener\">Men\u00fc herunterladen<\/a><\/p>\n<p>[wpforms id=&#8220;13779&#8243; title=&#8220;true&#8220;]<\/p>\n<h3>\u00d6ffnungszeiten<\/h3>\n<p>Dienstag-Donnerstag 12.00 \u2013 13.30 Uhr<\/p>\n<h3>Ort<\/h3>\n<p>Kafi Lollipop<br \/>Familienzentrum Bezirk Affoltern<br \/>Z\u00fcrichstrasse 136, Affoltern am Albis<\/p>\n<h3>Kosten<\/h3>\n<p>Erwachsene (ab 12 Jahren):<br \/>CHF 19.00 inkl. Getr\u00e4nk<\/p>\n<p>Kinder:<br \/>Bis und mit 5 JahreN: <br \/>CHF 5.00 exkl. Getr\u00e4nk<\/p>\n<p>6 bis 11 JahreN:<br \/>CHF 1.00 pro Altersjahr <br \/>exkl. Getr\u00e4nk<\/p>\n<p>Gratissirup bei Konsumation im Familienzentrum<\/p>\n<p>Wir akzeptieren Twint!<\/p>\n<h3>Unsere K\u00f6chin<\/h3>\n<p>\t\t\t\t\t\t\t\t\t\t\t\t\t\t\t\t<a href=\"https:\/\/familienzentrum-bezirk-affoltern.ch\/wp-content\/uploads\/2022\/05\/Rima-Nader-scaled.jpg\"><br \/>\n\t\t\t\t\t\t\t<img loading=\"lazy\" decoding=\"async\" width=\"460\" height=\"640\" src=\"https:\/\/familienzentrum-bezirk-affoltern.ch\/wp-content\/uploads\/2023\/03\/Rima-Nader-quad.jpg\" alt=\"Rima Nader, K\u00f6chin, Familienzentrum Bezirk Affoltern\" loading=\"lazy\" srcset=\"https:\/\/familienzentrum-bezirk-affoltern.ch\/wp-content\/uploads\/2023\/03\/Rima-Nader-quad.jpg 460w, https:\/\/familienzentrum-bezirk-affoltern.ch\/wp-content\/uploads\/2023\/03\/Rima-Nader-quad-216x300.jpg 216w\" sizes=\"auto, (max-width: 460px) 100vw, 460px\" \/>\t\t\t\t\t\t\t\t<\/a><\/p>\n<h4>Rima Nader<\/h4>\n<ul>\n<li>\n\t\t\t\t\t\t\t\t\t\t\t<a href=\"tel:079%20814%202152\"><br \/>\n\t\t\t\t\t\t\t\t\t\t079 814 2152<br \/>\n\t\t\t\t\t\t\t\t\t\t\t<\/a>\n\t\t\t\t\t\t\t\t\t<\/li>\n<li>\n\t\t\t\t\t\t\t\t\t\t\t<a href=\"tel:044%20760%2012%2077\"><br \/>\n\t\t\t\t\t\t\t\t\t\t044 760 12 77<br \/>\n\t\t\t\t\t\t\t\t\t\t\t<\/a>\n\t\t\t\t\t\t\t\t\t<\/li>\n<\/ul>\n<ul>\n<li>\n\t\t\t\t\t\t\t\t\t\t\t<a href=\"mailto:mittagessen@familienzentrum-bezirk-affoltern.ch\"><br \/>\n\t\t\t\t\t\t\t\t\t\tmittagessen@familienzentrum-bezirk-affoltern.ch<br \/>\n\t\t\t\t\t\t\t\t\t\t\t<\/a>\n\t\t\t\t\t\t\t\t\t<\/li>\n<\/ul>\n<p>\t\t\t<a href=\"mailto:mittagessen@familienzentrum-bezirk-affoltern.ch\"><br \/>\n\t\t\t\t\t\tMelde dich f\u00fcr unseren w\u00f6chentlichen Mittagessen-Newsletter an!<br \/>\n\t\t\t\t\t<\/a><br \/>\n\t\t<div id='gallery-1' class='gallery galleryid-7999 gallery-columns-3 gallery-size-thumbnail'><figure class='gallery-item'>\n\t\t\t<div class='gallery-icon landscape'>\n\t\t\t\t<a href='https:\/\/recursing-nash.185-101-158-178.plesk.page\/img-20200817-wa0019\/'><img decoding=\"async\" width=\"150\" height=\"150\" src=\"https:\/\/recursing-nash.185-101-158-178.plesk.page\/wp-content\/uploads\/2020\/08\/IMG-20200817-WA0019-150x150.jpg\" class=\"attachment-thumbnail size-thumbnail\" alt=\"Mittagessen im Familienzentrum Bezirk Affoltern\" \/><\/a>\n\t\t\t<\/div><\/figure><figure class='gallery-item'>\n\t\t\t<div class='gallery-icon landscape'>\n\t\t\t\t<a href='https:\/\/recursing-nash.185-101-158-178.plesk.page\/img-20200817-wa0018\/'><img decoding=\"async\" width=\"150\" height=\"150\" src=\"https:\/\/recursing-nash.185-101-158-178.plesk.page\/wp-content\/uploads\/2020\/08\/IMG-20200817-WA0018-150x150.jpg\" class=\"attachment-thumbnail size-thumbnail\" alt=\"\" \/><\/a>\n\t\t\t<\/div><\/figure><figure class='gallery-item'>\n\t\t\t<div class='gallery-icon landscape'>\n\t\t\t\t<a href='https:\/\/recursing-nash.185-101-158-178.plesk.page\/mittagessen_familienzentrum_bezirk_affoltern\/'><img decoding=\"async\" width=\"150\" height=\"150\" src=\"https:\/\/recursing-nash.185-101-158-178.plesk.page\/wp-content\/uploads\/2017\/12\/Mittagessen_Familienzentrum_Bezirk_Affoltern-150x150.jpg\" class=\"attachment-thumbnail size-thumbnail\" alt=\"Mittagessen in Familienzentrum Bezirk Affoltern\" aria-describedby=\"gallery-1-8380\" \/><\/a>\n\t\t\t<\/div>\n\t\t\t\t<figcaption class='wp-caption-text gallery-caption' id='gallery-1-8380'>\n\t\t\t\tMittagessen in Familienzentrum Bezirk Affoltern\n\t\t\t\t<\/figcaption><\/figure>\n\t\t<\/div>\n<br \/>\n\t\t<div id='gallery-2' class='gallery galleryid-7999 gallery-columns-6 gallery-size-thumbnail'><figure class='gallery-item'>\n\t\t\t<div class='gallery-icon landscape'>\n\t\t\t\t<a href='https:\/\/recursing-nash.185-101-158-178.plesk.page\/wp-content\/uploads\/2019\/05\/IMG-20190321-WA0000.jpg'><img loading=\"lazy\" decoding=\"async\" width=\"150\" height=\"150\" src=\"https:\/\/recursing-nash.185-101-158-178.plesk.page\/wp-content\/uploads\/2019\/05\/IMG-20190321-WA0000-150x150.jpg\" class=\"attachment-thumbnail size-thumbnail\" alt=\"\" aria-describedby=\"gallery-2-11097\" \/><\/a>\n\t\t\t<\/div>\n\t\t\t\t<figcaption class='wp-caption-text gallery-caption' id='gallery-2-11097'>\n\t\t\t\tRindstroganoff &#8211; Mittagessen in Familienzentrum Bezirk Affoltern\n\t\t\t\t<\/figcaption><\/figure><figure class='gallery-item'>\n\t\t\t<div class='gallery-icon landscape'>\n\t\t\t\t<a href='https:\/\/recursing-nash.185-101-158-178.plesk.page\/wp-content\/uploads\/2018\/04\/Mittagessen_Familienzentrum_Bezirk_Affoltern_1.jpg'><img loading=\"lazy\" decoding=\"async\" width=\"150\" height=\"150\" src=\"https:\/\/recursing-nash.185-101-158-178.plesk.page\/wp-content\/uploads\/2018\/04\/Mittagessen_Familienzentrum_Bezirk_Affoltern_1-150x150.jpg\" class=\"attachment-thumbnail size-thumbnail\" alt=\"Mittagessen in Familienzentrum Bezirk Affoltern\" aria-describedby=\"gallery-2-9094\" \/><\/a>\n\t\t\t<\/div>\n\t\t\t\t<figcaption class='wp-caption-text gallery-caption' id='gallery-2-9094'>\n\t\t\t\tPoulet Schenkel\n\t\t\t\t<\/figcaption><\/figure><figure class='gallery-item'>\n\t\t\t<div class='gallery-icon landscape'>\n\t\t\t\t<a href='https:\/\/recursing-nash.185-101-158-178.plesk.page\/wp-content\/uploads\/2019\/06\/Aubergine_Auflauf.jpeg'><img loading=\"lazy\" decoding=\"async\" width=\"150\" height=\"150\" src=\"https:\/\/recursing-nash.185-101-158-178.plesk.page\/wp-content\/uploads\/2019\/06\/Aubergine_Auflauf-150x150.jpeg\" class=\"attachment-thumbnail size-thumbnail\" alt=\"\" aria-describedby=\"gallery-2-11238\" \/><\/a>\n\t\t\t<\/div>\n\t\t\t\t<figcaption class='wp-caption-text gallery-caption' id='gallery-2-11238'>\n\t\t\t\tAubergine Auflauf\n\t\t\t\t<\/figcaption><\/figure><figure class='gallery-item'>\n\t\t\t<div class='gallery-icon landscape'>\n\t\t\t\t<a href='https:\/\/recursing-nash.185-101-158-178.plesk.page\/wp-content\/uploads\/2017\/06\/fish-fingers-275251_1280.jpg'><img loading=\"lazy\" decoding=\"async\" width=\"150\" height=\"150\" src=\"https:\/\/recursing-nash.185-101-158-178.plesk.page\/wp-content\/uploads\/2017\/06\/fish-fingers-275251_1280-150x150.jpg\" class=\"attachment-thumbnail size-thumbnail\" alt=\"Fischst\u00e4bli mit Kartoffeln\" aria-describedby=\"gallery-2-7745\" \/><\/a>\n\t\t\t<\/div>\n\t\t\t\t<figcaption class='wp-caption-text gallery-caption' id='gallery-2-7745'>\n\t\t\t\tFischst\u00e4blis\n\t\t\t\t<\/figcaption><\/figure><figure class='gallery-item'>\n\t\t\t<div class='gallery-icon landscape'>\n\t\t\t\t<a href='https:\/\/recursing-nash.185-101-158-178.plesk.page\/wp-content\/uploads\/2017\/01\/salmon-518032_1280.jpg'><img loading=\"lazy\" decoding=\"async\" width=\"150\" height=\"150\" src=\"https:\/\/recursing-nash.185-101-158-178.plesk.page\/wp-content\/uploads\/2017\/01\/salmon-518032_1280-150x150.jpg\" class=\"attachment-thumbnail size-thumbnail\" alt=\"Lachs - Mittagessen in Familienzentrum\" aria-describedby=\"gallery-2-6968\" \/><\/a>\n\t\t\t<\/div>\n\t\t\t\t<figcaption class='wp-caption-text gallery-caption' id='gallery-2-6968'>\n\t\t\t\tLachs\n\t\t\t\t<\/figcaption><\/figure><figure class='gallery-item'>\n\t\t\t<div class='gallery-icon landscape'>\n\t\t\t\t<a href='https:\/\/recursing-nash.185-101-158-178.plesk.page\/wp-content\/uploads\/2018\/11\/Mittagessen_in_Familienzentrum_Kawage1.jpg'><img loading=\"lazy\" decoding=\"async\" width=\"150\" height=\"150\" src=\"https:\/\/recursing-nash.185-101-158-178.plesk.page\/wp-content\/uploads\/2018\/11\/Mittagessen_in_Familienzentrum_Kawage1-150x150.jpg\" class=\"attachment-thumbnail size-thumbnail\" alt=\"Mittagessen in Familienzentrum: Kawage\" aria-describedby=\"gallery-2-9961\" \/><\/a>\n\t\t\t<\/div>\n\t\t\t\t<figcaption class='wp-caption-text gallery-caption' id='gallery-2-9961'>\n\t\t\t\tKawage\n\t\t\t\t<\/figcaption><\/figure><figure class='gallery-item'>\n\t\t\t<div class='gallery-icon landscape'>\n\t\t\t\t<a href='https:\/\/recursing-nash.185-101-158-178.plesk.page\/wp-content\/uploads\/2017\/11\/Mittagessen_Familienzentrum_Rahmschnitzel.jpg'><img loading=\"lazy\" decoding=\"async\" width=\"150\" height=\"150\" src=\"https:\/\/recursing-nash.185-101-158-178.plesk.page\/wp-content\/uploads\/2017\/11\/Mittagessen_Familienzentrum_Rahmschnitzel-150x150.jpg\" class=\"attachment-thumbnail size-thumbnail\" alt=\"Rahmschnitzel\" aria-describedby=\"gallery-2-8362\" \/><\/a>\n\t\t\t<\/div>\n\t\t\t\t<figcaption class='wp-caption-text gallery-caption' id='gallery-2-8362'>\n\t\t\t\tRahmschnitzel\n\t\t\t\t<\/figcaption><\/figure><figure class='gallery-item'>\n\t\t\t<div class='gallery-icon portrait'>\n\t\t\t\t<a href='https:\/\/recursing-nash.185-101-158-178.plesk.page\/wp-content\/uploads\/2019\/10\/Lachs_im_Familienzentrum.jpeg'><img loading=\"lazy\" decoding=\"async\" width=\"150\" height=\"150\" src=\"https:\/\/recursing-nash.185-101-158-178.plesk.page\/wp-content\/uploads\/2019\/10\/Lachs_im_Familienzentrum-150x150.jpeg\" class=\"attachment-thumbnail size-thumbnail\" alt=\"\" aria-describedby=\"gallery-2-11688\" \/><\/a>\n\t\t\t<\/div>\n\t\t\t\t<figcaption class='wp-caption-text gallery-caption' id='gallery-2-11688'>\n\t\t\t\tLachs mit Reis\n\t\t\t\t<\/figcaption><\/figure><figure class='gallery-item'>\n\t\t\t<div class='gallery-icon landscape'>\n\t\t\t\t<a href='https:\/\/recursing-nash.185-101-158-178.plesk.page\/wp-content\/uploads\/2017\/02\/food-563110_1280_Noodle.jpg'><img loading=\"lazy\" decoding=\"async\" width=\"150\" height=\"150\" src=\"https:\/\/recursing-nash.185-101-158-178.plesk.page\/wp-content\/uploads\/2017\/02\/food-563110_1280_Noodle-150x150.jpg\" class=\"attachment-thumbnail size-thumbnail\" alt=\"Mittagessen in Familienzentrum: Noodles Mamee\" aria-describedby=\"gallery-2-7135\" \/><\/a>\n\t\t\t<\/div>\n\t\t\t\t<figcaption class='wp-caption-text gallery-caption' id='gallery-2-7135'>\n\t\t\t\tNoodles\n\t\t\t\t<\/figcaption><\/figure><figure class='gallery-item'>\n\t\t\t<div class='gallery-icon landscape'>\n\t\t\t\t<a href='https:\/\/recursing-nash.185-101-158-178.plesk.page\/wp-content\/uploads\/2017\/09\/kotelett_kartoffel.jpg'><img loading=\"lazy\" decoding=\"async\" width=\"150\" height=\"150\" src=\"https:\/\/recursing-nash.185-101-158-178.plesk.page\/wp-content\/uploads\/2017\/09\/kotelett_kartoffel-150x150.jpg\" class=\"attachment-thumbnail size-thumbnail\" alt=\"Mittagessen: Kotelett mit Kartoffeln\" aria-describedby=\"gallery-2-8081\" \/><\/a>\n\t\t\t<\/div>\n\t\t\t\t<figcaption class='wp-caption-text gallery-caption' id='gallery-2-8081'>\n\t\t\t\tKottelets mit Kartoffeln\n\t\t\t\t<\/figcaption><\/figure><figure class='gallery-item'>\n\t\t\t<div class='gallery-icon landscape'>\n\t\t\t\t<a href='https:\/\/recursing-nash.185-101-158-178.plesk.page\/wp-content\/uploads\/2018\/10\/Mittagessen_Familienzentrum_Bezirk-Affoltern_shish2.jpg'><img loading=\"lazy\" decoding=\"async\" width=\"150\" height=\"150\" src=\"https:\/\/recursing-nash.185-101-158-178.plesk.page\/wp-content\/uploads\/2018\/10\/Mittagessen_Familienzentrum_Bezirk-Affoltern_shish2-150x150.jpg\" class=\"attachment-thumbnail size-thumbnail\" alt=\"\" aria-describedby=\"gallery-2-9920\" \/><\/a>\n\t\t\t<\/div>\n\t\t\t\t<figcaption class='wp-caption-text gallery-caption' id='gallery-2-9920'>\n\t\t\t\tShish\n\t\t\t\t<\/figcaption><\/figure><figure class='gallery-item'>\n\t\t\t<div class='gallery-icon landscape'>\n\t\t\t\t<a href='https:\/\/recursing-nash.185-101-158-178.plesk.page\/wp-content\/uploads\/2017\/09\/Mittagessen_Poulet_Curry.jpg'><img loading=\"lazy\" decoding=\"async\" width=\"150\" height=\"150\" src=\"https:\/\/recursing-nash.185-101-158-178.plesk.page\/wp-content\/uploads\/2017\/09\/Mittagessen_Poulet_Curry-150x150.jpg\" class=\"attachment-thumbnail size-thumbnail\" alt=\"Mittagessen Poulet Curry\" aria-describedby=\"gallery-2-8203\" \/><\/a>\n\t\t\t<\/div>\n\t\t\t\t<figcaption class='wp-caption-text gallery-caption' id='gallery-2-8203'>\n\t\t\t\tPoulet Curry\n\t\t\t\t<\/figcaption><\/figure><figure class='gallery-item'>\n\t\t\t<div class='gallery-icon landscape'>\n\t\t\t\t<a href='https:\/\/recursing-nash.185-101-158-178.plesk.page\/wp-content\/uploads\/2017\/09\/mittagstisch_schwein_reis.jpg'><img loading=\"lazy\" decoding=\"async\" width=\"150\" height=\"150\" src=\"https:\/\/recursing-nash.185-101-158-178.plesk.page\/wp-content\/uploads\/2017\/09\/mittagstisch_schwein_reis-150x150.jpg\" class=\"attachment-thumbnail size-thumbnail\" alt=\"Mittagessen: Schwein Reis\" aria-describedby=\"gallery-2-8000\" \/><\/a>\n\t\t\t<\/div>\n\t\t\t\t<figcaption class='wp-caption-text gallery-caption' id='gallery-2-8000'>\n\t\t\t\tSchwein mit Reis\n\t\t\t\t<\/figcaption><\/figure><figure class='gallery-item'>\n\t\t\t<div class='gallery-icon portrait'>\n\t\t\t\t<a href='https:\/\/recursing-nash.185-101-158-178.plesk.page\/wp-content\/uploads\/2018\/02\/Mittagessen_Familienzentrum_Bezirk_Affoltern_Spiess_Detail.jpg'><img loading=\"lazy\" decoding=\"async\" width=\"150\" height=\"150\" src=\"https:\/\/recursing-nash.185-101-158-178.plesk.page\/wp-content\/uploads\/2018\/02\/Mittagessen_Familienzentrum_Bezirk_Affoltern_Spiess_Detail-150x150.jpg\" class=\"attachment-thumbnail size-thumbnail\" alt=\"Mittagessen Familienzentrum Bezirk Affoltern - Poulet Spiess\" aria-describedby=\"gallery-2-8929\" \/><\/a>\n\t\t\t<\/div>\n\t\t\t\t<figcaption class='wp-caption-text gallery-caption' id='gallery-2-8929'>\n\t\t\t\tPoulet Spiess\n\t\t\t\t<\/figcaption><\/figure><figure class='gallery-item'>\n\t\t\t<div class='gallery-icon portrait'>\n\t\t\t\t<a href='https:\/\/recursing-nash.185-101-158-178.plesk.page\/wp-content\/uploads\/2019\/10\/2019-10-25-Mittagessen_Kuerbiswoche-.jpeg'><img loading=\"lazy\" decoding=\"async\" width=\"150\" height=\"150\" src=\"https:\/\/recursing-nash.185-101-158-178.plesk.page\/wp-content\/uploads\/2019\/10\/2019-10-25-Mittagessen_Kuerbiswoche--150x150.jpeg\" class=\"attachment-thumbnail size-thumbnail\" alt=\"\" aria-describedby=\"gallery-2-11712\" \/><\/a>\n\t\t\t<\/div>\n\t\t\t\t<figcaption class='wp-caption-text gallery-caption' id='gallery-2-11712'>\n\t\t\t\tK\u00fcrbiswoche\n\t\t\t\t<\/figcaption><\/figure><figure class='gallery-item'>\n\t\t\t<div class='gallery-icon landscape'>\n\t\t\t\t<a href='https:\/\/recursing-nash.185-101-158-178.plesk.page\/wp-content\/uploads\/2017\/12\/mittagessen_Familienzentrum_hamburger.jpg'><img loading=\"lazy\" decoding=\"async\" width=\"150\" height=\"150\" src=\"https:\/\/recursing-nash.185-101-158-178.plesk.page\/wp-content\/uploads\/2017\/12\/mittagessen_Familienzentrum_hamburger-150x150.jpg\" class=\"attachment-thumbnail size-thumbnail\" alt=\"\" aria-describedby=\"gallery-2-8444\" \/><\/a>\n\t\t\t<\/div>\n\t\t\t\t<figcaption class='wp-caption-text gallery-caption' id='gallery-2-8444'>\n\t\t\t\tHamburger mit Ofenkartoffeln\n\t\t\t\t<\/figcaption><\/figure><figure class='gallery-item'>\n\t\t\t<div class='gallery-icon landscape'>\n\t\t\t\t<a href='https:\/\/recursing-nash.185-101-158-178.plesk.page\/wp-content\/uploads\/2017\/03\/zurich-geschnetzeltes-945696_1920.jpg'><img loading=\"lazy\" decoding=\"async\" width=\"150\" height=\"150\" src=\"https:\/\/recursing-nash.185-101-158-178.plesk.page\/wp-content\/uploads\/2017\/03\/zurich-geschnetzeltes-945696_1920-150x150.jpg\" class=\"attachment-thumbnail size-thumbnail\" alt=\"Mittagessen in Familienzentrum Bezirk Affoltern: Z\u00fcrcher Geschnetzeltes\" aria-describedby=\"gallery-2-7212\" \/><\/a>\n\t\t\t<\/div>\n\t\t\t\t<figcaption class='wp-caption-text gallery-caption' id='gallery-2-7212'>\n\t\t\t\tZ\u00fcrcher Geschnetzeltes\n\t\t\t\t<\/figcaption><\/figure><figure class='gallery-item'>\n\t\t\t<div class='gallery-icon portrait'>\n\t\t\t\t<a href='https:\/\/recursing-nash.185-101-158-178.plesk.page\/wp-content\/uploads\/2017\/12\/Meatball_Fruehlingsrollen.jpg'><img loading=\"lazy\" decoding=\"async\" width=\"150\" height=\"150\" src=\"https:\/\/recursing-nash.185-101-158-178.plesk.page\/wp-content\/uploads\/2017\/12\/Meatball_Fruehlingsrollen-150x150.jpg\" class=\"attachment-thumbnail size-thumbnail\" alt=\"Mittagessen in Familienzentrum Bezirk Affoltern: Meatballs mit Fr\u00fchlingsrollen\" aria-describedby=\"gallery-2-8382\" \/><\/a>\n\t\t\t<\/div>\n\t\t\t\t<figcaption class='wp-caption-text gallery-caption' id='gallery-2-8382'>\n\t\t\t\tMeatballs mit Fr\u00fchlingsrollen\n\t\t\t\t<\/figcaption><\/figure><figure class='gallery-item'>\n\t\t\t<div class='gallery-icon landscape'>\n\t\t\t\t<a href='https:\/\/recursing-nash.185-101-158-178.plesk.page\/wp-content\/uploads\/2017\/12\/Lasagne.jpg'><img loading=\"lazy\" decoding=\"async\" width=\"150\" height=\"150\" src=\"https:\/\/recursing-nash.185-101-158-178.plesk.page\/wp-content\/uploads\/2017\/12\/Lasagne-150x150.jpg\" class=\"attachment-thumbnail size-thumbnail\" alt=\"Mittagessen in Familienzentrum Bezirk Affoltern: Lasagne\" aria-describedby=\"gallery-2-8381\" \/><\/a>\n\t\t\t<\/div>\n\t\t\t\t<figcaption class='wp-caption-text gallery-caption' id='gallery-2-8381'>\n\t\t\t\tLasagne\n\t\t\t\t<\/figcaption><\/figure><figure class='gallery-item'>\n\t\t\t<div class='gallery-icon landscape'>\n\t\t\t\t<a href='https:\/\/recursing-nash.185-101-158-178.plesk.page\/wp-content\/uploads\/2018\/11\/Mittagessen_in_Familienzentrum_Poulet_mit_Gemuese2.jpg'><img loading=\"lazy\" decoding=\"async\" width=\"150\" height=\"150\" src=\"https:\/\/recursing-nash.185-101-158-178.plesk.page\/wp-content\/uploads\/2018\/11\/Mittagessen_in_Familienzentrum_Poulet_mit_Gemuese2-150x150.jpg\" class=\"attachment-thumbnail size-thumbnail\" alt=\"Mittagessen in Familienzentrum Poulet mit Gemuese\" aria-describedby=\"gallery-2-9964\" \/><\/a>\n\t\t\t<\/div>\n\t\t\t\t<figcaption class='wp-caption-text gallery-caption' id='gallery-2-9964'>\n\t\t\t\tPoulet mit Gem\u00fcse\n\t\t\t\t<\/figcaption><\/figure><figure class='gallery-item'>\n\t\t\t<div class='gallery-icon landscape'>\n\t\t\t\t<a href='https:\/\/recursing-nash.185-101-158-178.plesk.page\/wp-content\/uploads\/2018\/11\/Mittagessen_in_Familienzentrum_Pouletgeschnetzeltes1.jpg'><img loading=\"lazy\" decoding=\"async\" width=\"150\" height=\"150\" src=\"https:\/\/recursing-nash.185-101-158-178.plesk.page\/wp-content\/uploads\/2018\/11\/Mittagessen_in_Familienzentrum_Pouletgeschnetzeltes1-150x150.jpg\" class=\"attachment-thumbnail size-thumbnail\" alt=\"Mittagessen in Familienzentrum Pouletgeschnetzeltes\" aria-describedby=\"gallery-2-9965\" \/><\/a>\n\t\t\t<\/div>\n\t\t\t\t<figcaption class='wp-caption-text gallery-caption' id='gallery-2-9965'>\n\t\t\t\tPoulet mit Zitronenrahmsauce\n\t\t\t\t<\/figcaption><\/figure>\n\t\t<\/div>\n<\/p>\n","protected":false},"excerpt":{"rendered":"<p>Dein fein gekochtes Mittagessen im Familienzentrum geniessen. Auch als Take Away. Essen ist das h\u00f6chste Gut, wenn jemand anst\u00e4ndig kochen tut. Hausfrauenk\u00fcche ist die beste der Welt und die gibts im Famze f\u00fcr wenig Geld. den Link zum Bestellen gibt gleich hier, &#8222;\u00c4n guet\u00e4 z\u00e4mme&#8220; w\u00fcnschen wir dir!!! [pdf-embedder url=&#8220;https:\/\/familienzentrum-bezirk-affoltern.ch\/wp-content\/uploads\/2023\/01\/Mittagessen-im-Familienzentrum-Bezirk-Affoltern.pdf&#8220; title=&#8220;Mittagessen Men\u00fc&#8220;] Men\u00fc herunterladen [wpforms [&hellip;]<\/p>\n","protected":false},"author":1,"featured_media":12918,"parent":21,"menu_order":27,"comment_status":"closed","ping_status":"closed","template":"","meta":{"footnotes":""},"class_list":["post-7999","page","type-page","status-publish","has-post-thumbnail","hentry"],"_links":{"self":[{"href":"https:\/\/recursing-nash.185-101-158-178.plesk.page\/index.php\/wp-json\/wp\/v2\/pages\/7999","targetHints":{"allow":["GET"]}}],"collection":[{"href":"https:\/\/recursing-nash.185-101-158-178.plesk.page\/index.php\/wp-json\/wp\/v2\/pages"}],"about":[{"href":"https:\/\/recursing-nash.185-101-158-178.plesk.page\/index.php\/wp-json\/wp\/v2\/types\/page"}],"author":[{"embeddable":true,"href":"https:\/\/recursing-nash.185-101-158-178.plesk.page\/index.php\/wp-json\/wp\/v2\/users\/1"}],"replies":[{"embeddable":true,"href":"https:\/\/recursing-nash.185-101-158-178.plesk.page\/index.php\/wp-json\/wp\/v2\/comments?post=7999"}],"version-history":[{"count":0,"href":"https:\/\/recursing-nash.185-101-158-178.plesk.page\/index.php\/wp-json\/wp\/v2\/pages\/7999\/revisions"}],"up":[{"embeddable":true,"href":"https:\/\/recursing-nash.185-101-158-178.plesk.page\/index.php\/wp-json\/wp\/v2\/pages\/21"}],"wp:featuredmedia":[{"embeddable":true,"href":"https:\/\/recursing-nash.185-101-158-178.plesk.page\/index.php\/wp-json\/wp\/v2\/media\/12918"}],"wp:attachment":[{"href":"https:\/\/recursing-nash.185-101-158-178.plesk.page\/index.php\/wp-json\/wp\/v2\/media?parent=7999"}],"curies":[{"name":"wp","href":"https:\/\/api.w.org\/{rel}","templated":true}]}}